{"id":5655,"date":"2025-09-24T16:17:02","date_gmt":"2025-09-24T14:17:02","guid":{"rendered":"https:\/\/thermogreen.com\/sala-multimedia\/"},"modified":"2025-09-25T13:17:45","modified_gmt":"2025-09-25T11:17:45","slug":"espace-multimedia","status":"publish","type":"page","link":"https:\/\/thermogreen.com\/fr\/espace-multimedia\/","title":{"rendered":"Espace multim\u00e9dia"},"content":{"rendered":"\t\t<div data-elementor-type=\"wp-page\" data-elementor-id=\"5655\" class=\"elementor elementor-5655\" data-elementor-post-type=\"page\">\n\t\t\t\t\t\t<section class=\"elementor-section elementor-top-section elementor-element elementor-element-a5d9985 elementor-section-full_width elementor-section-height-min-height elementor-section-stretched elementor-section-height-default elementor-section-items-middle\" data-id=\"a5d9985\" data-element_type=\"section\" data-e-type=\"section\" data-settings=\"{&quot;stretch_section&quot;:&quot;section-stretched&quot;,&quot;background_background&quot;:&quot;classic&quot;,&quot;shape_divider_bottom&quot;:&quot;mountains&quot;}\">\n\t\t\t\t\t\t\t<div class=\"elementor-background-overlay\"><\/div>\n\t\t\t\t\t\t<div class=\"elementor-shape elementor-shape-bottom\" aria-hidden=\"true\" data-negative=\"false\">\n\t\t\t<svg xmlns=\"http:\/\/www.w3.org\/2000\/svg\" viewBox=\"0 0 1000 100\" preserveAspectRatio=\"none\">\n\t<path class=\"elementor-shape-fill\" opacity=\"0.33\" d=\"M473,67.3c-203.9,88.3-263.1-34-320.3,0C66,119.1,0,59.7,0,59.7V0h1000v59.7 c0,0-62.1,26.1-94.9,29.3c-32.8,3.3-62.8-12.3-75.8-22.1C806,49.6,745.3,8.7,694.9,4.7S492.4,59,473,67.3z\"\/>\n\t<path class=\"elementor-shape-fill\" opacity=\"0.66\" d=\"M734,67.3c-45.5,0-77.2-23.2-129.1-39.1c-28.6-8.7-150.3-10.1-254,39.1 s-91.7-34.4-149.2,0C115.7,118.3,0,39.8,0,39.8V0h1000v36.5c0,0-28.2-18.5-92.1-18.5C810.2,18.1,775.7,67.3,734,67.3z\"\/>\n\t<path class=\"elementor-shape-fill\" d=\"M766.1,28.9c-200-57.5-266,65.5-395.1,19.5C242,1.8,242,5.4,184.8,20.6C128,35.8,132.3,44.9,89.9,52.5C28.6,63.7,0,0,0,0 h1000c0,0-9.9,40.9-83.6,48.1S829.6,47,766.1,28.9z\"\/>\n<\/svg>\t\t<\/div>\n\t\t\t\t\t<div class=\"elementor-container elementor-column-gap-default\">\n\t\t\t\t\t<div class=\"elementor-column elementor-col-100 elementor-top-column elementor-element elementor-element-bc15379\" data-id=\"bc15379\" data-element_type=\"column\" data-e-type=\"column\">\n\t\t\t<div class=\"elementor-widget-wrap elementor-element-populated\">\n\t\t\t\t\t\t<div class=\"elementor-element elementor-element-abb2b96 elementor-widget elementor-widget-heading\" data-id=\"abb2b96\" data-element_type=\"widget\" data-e-type=\"widget\" data-widget_type=\"heading.default\">\n\t\t\t\t<div class=\"elementor-widget-container\">\n\t\t\t\t\t<h1 class=\"elementor-heading-title elementor-size-default\">ESPACE MULTIM\u00c9DIA<\/h1>\t\t\t\t<\/div>\n\t\t\t\t<\/div>\n\t\t\t\t<div class=\"elementor-element elementor-element-9b0bbd1 elementor-widget elementor-widget-heading\" data-id=\"9b0bbd1\" data-element_type=\"widget\" data-e-type=\"widget\" data-widget_type=\"heading.default\">\n\t\t\t\t<div class=\"elementor-widget-container\">\n\t\t\t\t\t<h2 class=\"elementor-heading-title elementor-size-default\"> THERMOGREEN<\/h2>\t\t\t\t<\/div>\n\t\t\t\t<\/div>\n\t\t\t\t\t<\/div>\n\t\t<\/div>\n\t\t\t\t\t<\/div>\n\t\t<\/section>\n\t\t\t\t<section class=\"elementor-section elementor-top-section elementor-element elementor-element-e90609e elementor-section-boxed elementor-section-height-default elementor-section-height-default\" data-id=\"e90609e\" data-element_type=\"section\" data-e-type=\"section\">\n\t\t\t\t\t\t<div class=\"elementor-container elementor-column-gap-default\">\n\t\t\t\t\t<div class=\"elementor-column elementor-col-50 elementor-top-column elementor-element elementor-element-7977cbe\" data-id=\"7977cbe\" data-element_type=\"column\" data-e-type=\"column\">\n\t\t\t<div class=\"elementor-widget-wrap elementor-element-populated\">\n\t\t\t\t\t\t<div class=\"elementor-element elementor-element-7fe320e elementor-widget__width-initial elementor-widget elementor-widget-text-editor\" data-id=\"7fe320e\" data-element_type=\"widget\" data-e-type=\"widget\" data-widget_type=\"text-editor.default\">\n\t\t\t\t<div class=\"elementor-widget-container\">\n\t\t\t\t\t\t\t\t\t<p>D\u00e9couvrez notre processus de production dans cette vid\u00e9o. De la transformation des d\u00e9chets plastiques \u00e0 la production de panneaux d&rsquo;isolation thermique <strong>XPS fabriqu\u00e9s \u00e0 partir de mat\u00e9riaux 100 % recycl\u00e9s<\/strong> dans les installations de Thermogreen.<\/p><p>L&rsquo;engagement de Thermogreen en faveur du d\u00e9veloppement durable et notre engagement envers l&rsquo;\u00e9conomie circulaire nous permettent de minimiser notre empreinte carbone, tout en garantissant la plus haute qualit\u00e9 de nos produits, vous <strong>offrant un XPS avec la plus faible conductivit\u00e9 thermique du march\u00e9<\/strong>.<\/p>\t\t\t\t\t\t\t\t<\/div>\n\t\t\t\t<\/div>\n\t\t\t\t\t<\/div>\n\t\t<\/div>\n\t\t\t\t<div class=\"elementor-column elementor-col-50 elementor-top-column elementor-element elementor-element-a216a24\" data-id=\"a216a24\" data-element_type=\"column\" data-e-type=\"column\">\n\t\t\t<div class=\"elementor-widget-wrap elementor-element-populated\">\n\t\t\t\t\t\t<div class=\"elementor-element elementor-element-b89d7f8 elementor-widget elementor-widget-video\" data-id=\"b89d7f8\" data-element_type=\"widget\" data-e-type=\"widget\" data-settings=\"{&quot;video_type&quot;:&quot;vimeo&quot;}\" data-widget_type=\"video.default\">\n\t\t\t\t<div class=\"elementor-widget-container\">\n\t\t\t\t\t\t\t<div class=\"elementor-wrapper elementor-open-inline\">\n\t\t\t<iframe class=\"elementor-video-iframe\" allowfullscreen allow=\"clipboard-write\" title=\"Lecteur vid\u00e9o vimeo\" src=\"https:\/\/player.vimeo.com\/video\/1121496461?color&amp;autopause=0&amp;loop=0&amp;muted=0&amp;title=1&amp;portrait=1&amp;byline=1#t=\"><\/iframe>\t\t<\/div>\n\t\t\t\t\t\t<\/div>\n\t\t\t\t<\/div>\n\t\t\t\t\t<\/div>\n\t\t<\/div>\n\t\t\t\t\t<\/div>\n\t\t<\/section>\n\t\t\t\t<\/div>\n\t\t","protected":false},"excerpt":{"rendered":"<p>ESPACE MULTIM\u00c9DIA THERMOGREEN D\u00e9couvrez notre processus de production dans cette vid\u00e9o. De la transformation des d\u00e9chets plastiques \u00e0 la production de panneaux d&rsquo;isolation thermique XPS fabriqu\u00e9s \u00e0 partir de mat\u00e9riaux 100 % recycl\u00e9s dans les installations de Thermogreen. L&rsquo;engagement de Thermogreen en faveur du d\u00e9veloppement durable et notre engagement envers l&rsquo;\u00e9conomie circulaire nous permettent de [&hellip;]<\/p>\n","protected":false},"author":6,"featured_media":0,"parent":0,"menu_order":0,"comment_status":"closed","ping_status":"closed","template":"","meta":{"footnotes":""},"class_list":["post-5655","page","type-page","status-publish","hentry"],"yoast_head":"<!-- This site is optimized with the Yoast SEO plugin v27.2 - https:\/\/yoast.com\/product\/yoast-seo-wordpress\/ -->\n<title>Espace multim\u00e9dia - Thermogreen<\/title>\n<meta name=\"robots\" content=\"index, follow, max-snippet:-1, max-image-preview:large, max-video-preview:-1\" \/>\n<link rel=\"canonical\" href=\"https:\/\/thermogreen.com\/fr\/espace-multimedia\/\" \/>\n<meta property=\"og:locale\" content=\"fr_FR\" \/>\n<meta property=\"og:type\" content=\"article\" \/>\n<meta property=\"og:title\" content=\"Espace multim\u00e9dia - Thermogreen\" \/>\n<meta property=\"og:description\" content=\"ESPACE MULTIM\u00c9DIA THERMOGREEN D\u00e9couvrez notre processus de production dans cette vid\u00e9o. De la transformation des d\u00e9chets plastiques \u00e0 la production de panneaux d&rsquo;isolation thermique XPS fabriqu\u00e9s \u00e0 partir de mat\u00e9riaux 100 % recycl\u00e9s dans les installations de Thermogreen. L&rsquo;engagement de Thermogreen en faveur du d\u00e9veloppement durable et notre engagement envers l&rsquo;\u00e9conomie circulaire nous permettent de [&hellip;]\" \/>\n<meta property=\"og:url\" content=\"https:\/\/thermogreen.com\/fr\/espace-multimedia\/\" \/>\n<meta property=\"og:site_name\" content=\"Thermogreen\" \/>\n<meta property=\"article:modified_time\" content=\"2025-09-25T11:17:45+00:00\" \/>\n<meta name=\"twitter:card\" content=\"summary_large_image\" \/>\n<meta name=\"twitter:label1\" content=\"Dur\u00e9e de lecture estim\u00e9e\" \/>\n\t<meta name=\"twitter:data1\" content=\"1 minute\" \/>\n<script type=\"application\/ld+json\" class=\"yoast-schema-graph\">{\"@context\":\"https:\/\/schema.org\",\"@graph\":[{\"@type\":\"WebPage\",\"@id\":\"https:\/\/thermogreen.com\/fr\/espace-multimedia\/\",\"url\":\"https:\/\/thermogreen.com\/fr\/espace-multimedia\/\",\"name\":\"Espace multim\u00e9dia - Thermogreen\",\"isPartOf\":{\"@id\":\"https:\/\/thermogreen.com\/fr\/#website\"},\"datePublished\":\"2025-09-24T14:17:02+00:00\",\"dateModified\":\"2025-09-25T11:17:45+00:00\",\"breadcrumb\":{\"@id\":\"https:\/\/thermogreen.com\/fr\/espace-multimedia\/#breadcrumb\"},\"inLanguage\":\"fr-FR\",\"potentialAction\":[{\"@type\":\"ReadAction\",\"target\":[\"https:\/\/thermogreen.com\/fr\/espace-multimedia\/\"]}]},{\"@type\":\"BreadcrumbList\",\"@id\":\"https:\/\/thermogreen.com\/fr\/espace-multimedia\/#breadcrumb\",\"itemListElement\":[{\"@type\":\"ListItem\",\"position\":1,\"name\":\"Home\",\"item\":\"https:\/\/thermogreen.com\/fr\/\"},{\"@type\":\"ListItem\",\"position\":2,\"name\":\"Espace multim\u00e9dia\"}]},{\"@type\":\"WebSite\",\"@id\":\"https:\/\/thermogreen.com\/fr\/#website\",\"url\":\"https:\/\/thermogreen.com\/fr\/\",\"name\":\"Thermogreen\",\"description\":\"Soluciones para la eficiencia energ\u00e9tica\",\"publisher\":{\"@id\":\"https:\/\/thermogreen.com\/fr\/#organization\"},\"potentialAction\":[{\"@type\":\"SearchAction\",\"target\":{\"@type\":\"EntryPoint\",\"urlTemplate\":\"https:\/\/thermogreen.com\/fr\/?s={search_term_string}\"},\"query-input\":{\"@type\":\"PropertyValueSpecification\",\"valueRequired\":true,\"valueName\":\"search_term_string\"}}],\"inLanguage\":\"fr-FR\"},{\"@type\":\"Organization\",\"@id\":\"https:\/\/thermogreen.com\/fr\/#organization\",\"name\":\"THERMOGREEN\",\"url\":\"https:\/\/thermogreen.com\/fr\/\",\"logo\":{\"@type\":\"ImageObject\",\"inLanguage\":\"fr-FR\",\"@id\":\"https:\/\/thermogreen.com\/fr\/#\/schema\/logo\/image\/\",\"url\":\"https:\/\/thermogreen.com\/wp-content\/uploads\/2021\/02\/Icono-Web-Thermogreen.png\",\"contentUrl\":\"https:\/\/thermogreen.com\/wp-content\/uploads\/2021\/02\/Icono-Web-Thermogreen.png\",\"width\":512,\"height\":512,\"caption\":\"THERMOGREEN\"},\"image\":{\"@id\":\"https:\/\/thermogreen.com\/fr\/#\/schema\/logo\/image\/\"}}]}<\/script>\n<!-- \/ Yoast SEO plugin. -->","yoast_head_json":{"title":"Espace multim\u00e9dia - Thermogreen","robots":{"index":"index","follow":"follow","max-snippet":"max-snippet:-1","max-image-preview":"max-image-preview:large","max-video-preview":"max-video-preview:-1"},"canonical":"https:\/\/thermogreen.com\/fr\/espace-multimedia\/","og_locale":"fr_FR","og_type":"article","og_title":"Espace multim\u00e9dia - Thermogreen","og_description":"ESPACE MULTIM\u00c9DIA THERMOGREEN D\u00e9couvrez notre processus de production dans cette vid\u00e9o. De la transformation des d\u00e9chets plastiques \u00e0 la production de panneaux d&rsquo;isolation thermique XPS fabriqu\u00e9s \u00e0 partir de mat\u00e9riaux 100 % recycl\u00e9s dans les installations de Thermogreen. L&rsquo;engagement de Thermogreen en faveur du d\u00e9veloppement durable et notre engagement envers l&rsquo;\u00e9conomie circulaire nous permettent de [&hellip;]","og_url":"https:\/\/thermogreen.com\/fr\/espace-multimedia\/","og_site_name":"Thermogreen","article_modified_time":"2025-09-25T11:17:45+00:00","twitter_card":"summary_large_image","twitter_misc":{"Dur\u00e9e de lecture estim\u00e9e":"1 minute"},"schema":{"@context":"https:\/\/schema.org","@graph":[{"@type":"WebPage","@id":"https:\/\/thermogreen.com\/fr\/espace-multimedia\/","url":"https:\/\/thermogreen.com\/fr\/espace-multimedia\/","name":"Espace multim\u00e9dia - Thermogreen","isPartOf":{"@id":"https:\/\/thermogreen.com\/fr\/#website"},"datePublished":"2025-09-24T14:17:02+00:00","dateModified":"2025-09-25T11:17:45+00:00","breadcrumb":{"@id":"https:\/\/thermogreen.com\/fr\/espace-multimedia\/#breadcrumb"},"inLanguage":"fr-FR","potentialAction":[{"@type":"ReadAction","target":["https:\/\/thermogreen.com\/fr\/espace-multimedia\/"]}]},{"@type":"BreadcrumbList","@id":"https:\/\/thermogreen.com\/fr\/espace-multimedia\/#breadcrumb","itemListElement":[{"@type":"ListItem","position":1,"name":"Home","item":"https:\/\/thermogreen.com\/fr\/"},{"@type":"ListItem","position":2,"name":"Espace multim\u00e9dia"}]},{"@type":"WebSite","@id":"https:\/\/thermogreen.com\/fr\/#website","url":"https:\/\/thermogreen.com\/fr\/","name":"Thermogreen","description":"Soluciones para la eficiencia energ\u00e9tica","publisher":{"@id":"https:\/\/thermogreen.com\/fr\/#organization"},"potentialAction":[{"@type":"SearchAction","target":{"@type":"EntryPoint","urlTemplate":"https:\/\/thermogreen.com\/fr\/?s={search_term_string}"},"query-input":{"@type":"PropertyValueSpecification","valueRequired":true,"valueName":"search_term_string"}}],"inLanguage":"fr-FR"},{"@type":"Organization","@id":"https:\/\/thermogreen.com\/fr\/#organization","name":"THERMOGREEN","url":"https:\/\/thermogreen.com\/fr\/","logo":{"@type":"ImageObject","inLanguage":"fr-FR","@id":"https:\/\/thermogreen.com\/fr\/#\/schema\/logo\/image\/","url":"https:\/\/thermogreen.com\/wp-content\/uploads\/2021\/02\/Icono-Web-Thermogreen.png","contentUrl":"https:\/\/thermogreen.com\/wp-content\/uploads\/2021\/02\/Icono-Web-Thermogreen.png","width":512,"height":512,"caption":"THERMOGREEN"},"image":{"@id":"https:\/\/thermogreen.com\/fr\/#\/schema\/logo\/image\/"}}]}},"_links":{"self":[{"href":"https:\/\/thermogreen.com\/fr\/wp-json\/wp\/v2\/pages\/5655","targetHints":{"allow":["GET"]}}],"collection":[{"href":"https:\/\/thermogreen.com\/fr\/wp-json\/wp\/v2\/pages"}],"about":[{"href":"https:\/\/thermogreen.com\/fr\/wp-json\/wp\/v2\/types\/page"}],"author":[{"embeddable":true,"href":"https:\/\/thermogreen.com\/fr\/wp-json\/wp\/v2\/users\/6"}],"replies":[{"embeddable":true,"href":"https:\/\/thermogreen.com\/fr\/wp-json\/wp\/v2\/comments?post=5655"}],"version-history":[{"count":7,"href":"https:\/\/thermogreen.com\/fr\/wp-json\/wp\/v2\/pages\/5655\/revisions"}],"predecessor-version":[{"id":5665,"href":"https:\/\/thermogreen.com\/fr\/wp-json\/wp\/v2\/pages\/5655\/revisions\/5665"}],"wp:attachment":[{"href":"https:\/\/thermogreen.com\/fr\/wp-json\/wp\/v2\/media?parent=5655"}],"curies":[{"name":"wp","href":"https:\/\/api.w.org\/{rel}","templated":true}]}}