{"id":2792,"date":"2021-06-16T12:08:06","date_gmt":"2021-06-16T10:08:06","guid":{"rendered":"https:\/\/thermogreen.com\/documentation\/"},"modified":"2026-03-26T08:37:42","modified_gmt":"2026-03-26T07:37:42","slug":"documentation","status":"publish","type":"page","link":"https:\/\/thermogreen.com\/fr\/documentation\/","title":{"rendered":"Documentation"},"content":{"rendered":"\t\t<div data-elementor-type=\"wp-page\" data-elementor-id=\"2792\" class=\"elementor elementor-2792\" data-elementor-post-type=\"page\">\n\t\t\t\t\t\t<section class=\"elementor-section elementor-top-section elementor-element elementor-element-7cb4a3c elementor-section-height-min-height elementor-section-items-stretch elementor-section-boxed elementor-section-height-default\" data-id=\"7cb4a3c\" data-element_type=\"section\" data-e-type=\"section\" data-settings=\"{&quot;background_background&quot;:&quot;classic&quot;,&quot;shape_divider_bottom&quot;:&quot;mountains&quot;}\">\n\t\t\t\t\t<div class=\"elementor-shape elementor-shape-bottom\" aria-hidden=\"true\" data-negative=\"false\">\n\t\t\t<svg xmlns=\"http:\/\/www.w3.org\/2000\/svg\" viewBox=\"0 0 1000 100\" preserveAspectRatio=\"none\">\n\t<path class=\"elementor-shape-fill\" opacity=\"0.33\" d=\"M473,67.3c-203.9,88.3-263.1-34-320.3,0C66,119.1,0,59.7,0,59.7V0h1000v59.7 c0,0-62.1,26.1-94.9,29.3c-32.8,3.3-62.8-12.3-75.8-22.1C806,49.6,745.3,8.7,694.9,4.7S492.4,59,473,67.3z\"\/>\n\t<path class=\"elementor-shape-fill\" opacity=\"0.66\" d=\"M734,67.3c-45.5,0-77.2-23.2-129.1-39.1c-28.6-8.7-150.3-10.1-254,39.1 s-91.7-34.4-149.2,0C115.7,118.3,0,39.8,0,39.8V0h1000v36.5c0,0-28.2-18.5-92.1-18.5C810.2,18.1,775.7,67.3,734,67.3z\"\/>\n\t<path class=\"elementor-shape-fill\" d=\"M766.1,28.9c-200-57.5-266,65.5-395.1,19.5C242,1.8,242,5.4,184.8,20.6C128,35.8,132.3,44.9,89.9,52.5C28.6,63.7,0,0,0,0 h1000c0,0-9.9,40.9-83.6,48.1S829.6,47,766.1,28.9z\"\/>\n<\/svg>\t\t<\/div>\n\t\t\t\t\t<div class=\"elementor-container elementor-column-gap-default\">\n\t\t\t\t\t<div class=\"elementor-column elementor-col-100 elementor-top-column elementor-element elementor-element-72907f8\" data-id=\"72907f8\" data-element_type=\"column\" data-e-type=\"column\">\n\t\t\t<div class=\"elementor-widget-wrap elementor-element-populated\">\n\t\t\t\t\t\t<div class=\"elementor-element elementor-element-8224077 elementor-widget elementor-widget-heading\" data-id=\"8224077\" data-element_type=\"widget\" data-e-type=\"widget\" data-widget_type=\"heading.default\">\n\t\t\t\t<div class=\"elementor-widget-container\">\n\t\t\t\t\t<h1 class=\"elementor-heading-title elementor-size-default\">DOCUMENTATION<\/h1>\t\t\t\t<\/div>\n\t\t\t\t<\/div>\n\t\t\t\t\t<\/div>\n\t\t<\/div>\n\t\t\t\t\t<\/div>\n\t\t<\/section>\n\t\t\t\t<section class=\"elementor-section elementor-top-section elementor-element elementor-element-55f9e380 elementor-section-stretched elementor-section-boxed elementor-section-height-default elementor-section-height-default\" data-id=\"55f9e380\" data-element_type=\"section\" data-e-type=\"section\" data-settings=\"{&quot;stretch_section&quot;:&quot;section-stretched&quot;,&quot;background_background&quot;:&quot;classic&quot;}\">\n\t\t\t\t\t\t<div class=\"elementor-container elementor-column-gap-default\">\n\t\t\t\t\t<div class=\"elementor-column elementor-col-100 elementor-top-column elementor-element elementor-element-336c8241\" data-id=\"336c8241\" data-element_type=\"column\" data-e-type=\"column\">\n\t\t\t<div class=\"elementor-widget-wrap elementor-element-populated\">\n\t\t\t\t\t\t<div class=\"elementor-element elementor-element-7821ac49 elementor-widget elementor-widget-heading\" data-id=\"7821ac49\" data-element_type=\"widget\" data-e-type=\"widget\" data-widget_type=\"heading.default\">\n\t\t\t\t<div class=\"elementor-widget-container\">\n\t\t\t\t\t<h2 class=\"elementor-heading-title elementor-size-default\">Documents \u00e0 t\u00e9l\u00e9charger<\/h2>\t\t\t\t<\/div>\n\t\t\t\t<\/div>\n\t\t\t\t<div class=\"elementor-element elementor-element-58d94934 elementor-widget-divider--view-line elementor-widget elementor-widget-divider\" data-id=\"58d94934\" data-element_type=\"widget\" data-e-type=\"widget\" data-widget_type=\"divider.default\">\n\t\t\t\t<div class=\"elementor-widget-container\">\n\t\t\t\t\t\t\t<div class=\"elementor-divider\">\n\t\t\t<span class=\"elementor-divider-separator\">\n\t\t\t\t\t\t<\/span>\n\t\t<\/div>\n\t\t\t\t\t\t<\/div>\n\t\t\t\t<\/div>\n\t\t\t\t<div class=\"elementor-element elementor-element-504c8f18 elementor-widget elementor-widget-text-editor\" data-id=\"504c8f18\" data-element_type=\"widget\" data-e-type=\"widget\" data-widget_type=\"text-editor.default\">\n\t\t\t\t<div class=\"elementor-widget-container\">\n\t\t\t\t\t\t\t\t\t<p class=\"p1\">T\u00e9l\u00e9chargez ici toutes les informations utiles sur nos produits et applications.<\/p>\n\t\t\t\t\t\t\t\t<\/div>\n\t\t\t\t<\/div>\n\t\t\t\t<div class=\"elementor-element elementor-element-1caed33e elementor-widget__width-initial elementor-widget elementor-widget-accordion\" data-id=\"1caed33e\" data-element_type=\"widget\" data-e-type=\"widget\" data-widget_type=\"accordion.default\">\n\t\t\t\t<div class=\"elementor-widget-container\">\n\t\t\t\t\t\t\t<div class=\"elementor-accordion\">\n\t\t\t\t\t\t\t<div class=\"elementor-accordion-item\">\n\t\t\t\t\t<div id=\"elementor-tab-title-4811\" class=\"elementor-tab-title\" data-tab=\"1\" role=\"button\" aria-controls=\"elementor-tab-content-4811\" aria-expanded=\"false\">\n\t\t\t\t\t\t\t\t\t\t\t\t\t<span class=\"elementor-accordion-icon elementor-accordion-icon-left\" aria-hidden=\"true\">\n\t\t\t\t\t\t\t\t\t\t\t\t\t\t\t<span class=\"elementor-accordion-icon-closed\"><i class=\"fas fa-caret-square-down\"><\/i><\/span>\n\t\t\t\t\t\t\t\t<span class=\"elementor-accordion-icon-opened\"><i class=\"far fa-caret-square-up\"><\/i><\/span>\n\t\t\t\t\t\t\t\t\t\t\t\t\t\t<\/span>\n\t\t\t\t\t\t\t\t\t\t\t\t<a class=\"elementor-accordion-title\" tabindex=\"0\">Fiches Techniques<\/a>\n\t\t\t\t\t<\/div>\n\t\t\t\t\t<div id=\"elementor-tab-content-4811\" class=\"elementor-tab-content elementor-clearfix\" data-tab=\"1\" role=\"region\" aria-labelledby=\"elementor-tab-title-4811\"><p><a href=\"https:\/\/thermogreen.com\/wp-content\/uploads\/2024\/10\/Fiche-technique-Thermogreen-SL-rev-03.pdf\" target=\"_blank\" rel=\"noopener\">Thermogreen SL<\/a><\/p><p><a href=\"https:\/\/thermogreen.com\/wp-content\/uploads\/2024\/07\/Fiche-technique-Thermogreen-FV-rev-02.pdf\" target=\"_blank\" rel=\"noopener\">Thermogreen FV<\/a><\/p><p><a href=\"https:\/\/thermogreen.com\/wp-content\/uploads\/2024\/07\/Fiche-technique-Thermogreen-MC-rev-02.pdf\" target=\"_blank\" rel=\"noopener\">Thermogreen MC<\/a><\/p><p><a href=\"https:\/\/thermogreen.com\/wp-content\/uploads\/2024\/10\/Fiche-technique-Thermogreen-CR-rev-03.pdf\" target=\"_blank\" rel=\"noopener\">Thermogreen CR<\/a><\/p><p><a href=\"https:\/\/thermogreen.com\/wp-content\/uploads\/2024\/07\/Fiche-technique-Thermogreen-SATE-rev-02.pdf\" target=\"_blank\" rel=\"noopener\">Thermogreen SATE<\/a><\/p><p><a href=\"https:\/\/thermogreen.com\/wp-content\/uploads\/2024\/10\/Fiche-technique-Thermogreen-500-rev-03.pdf\" target=\"_blank\" rel=\"noopener\">Thermogreen 500<\/a><\/p><p><a href=\"https:\/\/thermogreen.com\/wp-content\/uploads\/2024\/08\/Fiche-technique-Thermobeton-rev-02.pdf\">Thermobeton<\/a><\/p><p><a href=\"https:\/\/thermogreen.com\/wp-content\/uploads\/2025\/12\/Fiche-technique-Thermogreen-DALLAGE-rev-02.pdf\">Thermogreen Dallage<\/a><\/p><\/div>\n\t\t\t\t<\/div>\n\t\t\t\t\t\t\t<div class=\"elementor-accordion-item\">\n\t\t\t\t\t<div id=\"elementor-tab-title-4812\" class=\"elementor-tab-title\" data-tab=\"2\" role=\"button\" aria-controls=\"elementor-tab-content-4812\" aria-expanded=\"false\">\n\t\t\t\t\t\t\t\t\t\t\t\t\t<span class=\"elementor-accordion-icon elementor-accordion-icon-left\" aria-hidden=\"true\">\n\t\t\t\t\t\t\t\t\t\t\t\t\t\t\t<span class=\"elementor-accordion-icon-closed\"><i class=\"fas fa-caret-square-down\"><\/i><\/span>\n\t\t\t\t\t\t\t\t<span class=\"elementor-accordion-icon-opened\"><i class=\"far fa-caret-square-up\"><\/i><\/span>\n\t\t\t\t\t\t\t\t\t\t\t\t\t\t<\/span>\n\t\t\t\t\t\t\t\t\t\t\t\t<a class=\"elementor-accordion-title\" tabindex=\"0\">Fiche de S\u00e9curit\u00e9<\/a>\n\t\t\t\t\t<\/div>\n\t\t\t\t\t<div id=\"elementor-tab-content-4812\" class=\"elementor-tab-content elementor-clearfix\" data-tab=\"2\" role=\"region\" aria-labelledby=\"elementor-tab-title-4812\"><p><a href=\"https:\/\/thermogreen.com\/wp-content\/uploads\/2021\/03\/Ficha-de-datos-de-seguridad-Thermogreen.pdf\" target=\"_blank\" rel=\"noopener\">Fiche de s\u00e9curit\u00e9 Thermogreen<\/a><\/p><\/div>\n\t\t\t\t<\/div>\n\t\t\t\t\t\t\t<div class=\"elementor-accordion-item\">\n\t\t\t\t\t<div id=\"elementor-tab-title-4813\" class=\"elementor-tab-title\" data-tab=\"3\" role=\"button\" aria-controls=\"elementor-tab-content-4813\" aria-expanded=\"false\">\n\t\t\t\t\t\t\t\t\t\t\t\t\t<span class=\"elementor-accordion-icon elementor-accordion-icon-left\" aria-hidden=\"true\">\n\t\t\t\t\t\t\t\t\t\t\t\t\t\t\t<span class=\"elementor-accordion-icon-closed\"><i class=\"fas fa-caret-square-down\"><\/i><\/span>\n\t\t\t\t\t\t\t\t<span class=\"elementor-accordion-icon-opened\"><i class=\"far fa-caret-square-up\"><\/i><\/span>\n\t\t\t\t\t\t\t\t\t\t\t\t\t\t<\/span>\n\t\t\t\t\t\t\t\t\t\t\t\t<a class=\"elementor-accordion-title\" tabindex=\"0\">Documentation Commerciale<\/a>\n\t\t\t\t\t<\/div>\n\t\t\t\t\t<div id=\"elementor-tab-content-4813\" class=\"elementor-tab-content elementor-clearfix\" data-tab=\"3\" role=\"region\" aria-labelledby=\"elementor-tab-title-4813\"><p><a href=\"https:\/\/thermogreen.com\/wp-content\/uploads\/2026\/03\/CATALOGUE-DE-PRODUITS-2026-FRANCAIS-V.4.pdf\">Catalogue g\u00e9n\u00e9ral des produits<\/a><\/p>\n<p><a href=\"https:\/\/thermogreen.com\/wp-content\/uploads\/2026\/03\/CATALOGUE-DES-APPLICATIONS-2026-FRANCAIS-V.2.pdf\">Catalogue d&rsquo;applications<\/a><\/p>\n<p><a href=\"https:\/\/thermogreen.com\/wp-content\/uploads\/2025\/12\/2024-11-Tarifa-FR.pdf\" target=\"_blank\" rel=\"noopener\">Tarif<\/a><\/p>\n<p><a href=\"https:\/\/thermogreen.com\/wp-content\/uploads\/2024\/08\/Thermobeton-FR.pdf\" target=\"_blank\" rel=\"noopener\">Thermobeton<\/a><\/p><\/div>\n\t\t\t\t<\/div>\n\t\t\t\t\t\t\t<div class=\"elementor-accordion-item\">\n\t\t\t\t\t<div id=\"elementor-tab-title-4814\" class=\"elementor-tab-title\" data-tab=\"4\" role=\"button\" aria-controls=\"elementor-tab-content-4814\" aria-expanded=\"false\">\n\t\t\t\t\t\t\t\t\t\t\t\t\t<span class=\"elementor-accordion-icon elementor-accordion-icon-left\" aria-hidden=\"true\">\n\t\t\t\t\t\t\t\t\t\t\t\t\t\t\t<span class=\"elementor-accordion-icon-closed\"><i class=\"fas fa-caret-square-down\"><\/i><\/span>\n\t\t\t\t\t\t\t\t<span class=\"elementor-accordion-icon-opened\"><i class=\"far fa-caret-square-up\"><\/i><\/span>\n\t\t\t\t\t\t\t\t\t\t\t\t\t\t<\/span>\n\t\t\t\t\t\t\t\t\t\t\t\t<a class=\"elementor-accordion-title\" tabindex=\"0\">D\u00e9claration des performances<\/a>\n\t\t\t\t\t<\/div>\n\t\t\t\t\t<div id=\"elementor-tab-content-4814\" class=\"elementor-tab-content elementor-clearfix\" data-tab=\"4\" role=\"region\" aria-labelledby=\"elementor-tab-title-4814\"><p><a href=\"https:\/\/thermogreen.com\/wp-content\/uploads\/2025\/11\/TH01008.pdf\" target=\"_blank\" rel=\"noopener\">DOP TH 01008<\/a><\/p><p><a href=\"https:\/\/thermogreen.com\/wp-content\/uploads\/2024\/07\/TH02007.pdf\" target=\"_blank\" rel=\"noopener\">DOP TH 02007<\/a><\/p><p><a href=\"https:\/\/thermogreen.com\/wp-content\/uploads\/2024\/02\/TH03006.pdf\" target=\"_blank\" rel=\"noopener\">DOP TH 03006<\/a><\/p><p><a href=\"https:\/\/thermogreen.com\/wp-content\/uploads\/2024\/08\/TH06001.pdf\" target=\"_blank\" rel=\"noopener\">DOP TH 06001<\/a><\/p><\/div>\n\t\t\t\t<\/div>\n\t\t\t\t\t\t\t<div class=\"elementor-accordion-item\">\n\t\t\t\t\t<div id=\"elementor-tab-title-4815\" class=\"elementor-tab-title\" data-tab=\"5\" role=\"button\" aria-controls=\"elementor-tab-content-4815\" aria-expanded=\"false\">\n\t\t\t\t\t\t\t\t\t\t\t\t\t<span class=\"elementor-accordion-icon elementor-accordion-icon-left\" aria-hidden=\"true\">\n\t\t\t\t\t\t\t\t\t\t\t\t\t\t\t<span class=\"elementor-accordion-icon-closed\"><i class=\"fas fa-caret-square-down\"><\/i><\/span>\n\t\t\t\t\t\t\t\t<span class=\"elementor-accordion-icon-opened\"><i class=\"far fa-caret-square-up\"><\/i><\/span>\n\t\t\t\t\t\t\t\t\t\t\t\t\t\t<\/span>\n\t\t\t\t\t\t\t\t\t\t\t\t<a class=\"elementor-accordion-title\" tabindex=\"0\">Certification ACERMI<\/a>\n\t\t\t\t\t<\/div>\n\t\t\t\t\t<div id=\"elementor-tab-content-4815\" class=\"elementor-tab-content elementor-clearfix\" data-tab=\"5\" role=\"region\" aria-labelledby=\"elementor-tab-title-4815\"><p><a href=\"https:\/\/thermogreen.com\/wp-content\/uploads\/2025\/12\/22-268-1555-5-Thermogreen-FV-MC-SATE.pdf\" target=\"_blank\" rel=\"noopener\">22-268-1555<\/a><\/p><p><a href=\"https:\/\/thermogreen.com\/wp-content\/uploads\/2025\/12\/22-268-1557-7-Thermogreen-SL.pdf\" target=\"_blank\" rel=\"noopener\">22-268-1557<\/a><\/p><p><a href=\"https:\/\/thermogreen.com\/wp-content\/uploads\/2025\/12\/22-268-1559-6-Thermogreen-500.pdf\" target=\"_blank\" rel=\"noopener\">22-268-1559<\/a><\/p><p><a href=\"https:\/\/thermogreen.com\/wp-content\/uploads\/2025\/12\/24-268-1703-2-Thermogreen-CR.pdf\" target=\"_blank\" rel=\"noopener\">24-268-1703<\/a><\/p><\/div>\n\t\t\t\t<\/div>\n\t\t\t\t\t\t\t<div class=\"elementor-accordion-item\">\n\t\t\t\t\t<div id=\"elementor-tab-title-4816\" class=\"elementor-tab-title\" data-tab=\"6\" role=\"button\" aria-controls=\"elementor-tab-content-4816\" aria-expanded=\"false\">\n\t\t\t\t\t\t\t\t\t\t\t\t\t<span class=\"elementor-accordion-icon elementor-accordion-icon-left\" aria-hidden=\"true\">\n\t\t\t\t\t\t\t\t\t\t\t\t\t\t\t<span class=\"elementor-accordion-icon-closed\"><i class=\"fas fa-caret-square-down\"><\/i><\/span>\n\t\t\t\t\t\t\t\t<span class=\"elementor-accordion-icon-opened\"><i class=\"far fa-caret-square-up\"><\/i><\/span>\n\t\t\t\t\t\t\t\t\t\t\t\t\t\t<\/span>\n\t\t\t\t\t\t\t\t\t\t\t\t<a class=\"elementor-accordion-title\" tabindex=\"0\">Fiches de D\u00e9claration Environnementale<\/a>\n\t\t\t\t\t<\/div>\n\t\t\t\t\t<div id=\"elementor-tab-content-4816\" class=\"elementor-tab-content elementor-clearfix\" data-tab=\"6\" role=\"region\" aria-labelledby=\"elementor-tab-title-4816\"><p><a style=\"background-color: #ffffff; font-size: 1rem;\" href=\"https:\/\/thermogreen.com\/wp-content\/uploads\/2026\/02\/24.030_FDESA2_Panneau-isolant-SL_Thermogreen-V3.1.pdf\" target=\"_blank\" rel=\"noopener\">Thermogreen SL<\/a><\/p><p><a style=\"background-color: #ffffff; font-size: 1rem;\" href=\"https:\/\/thermogreen.com\/wp-content\/uploads\/2026\/02\/24.029_FDESA2_Panneau-isolant-FV_Thermogreen-V3.1.pdf\" target=\"_blank\" rel=\"noopener\">Thermogreen FV<\/a><\/p><p><span style=\"background-color: #ffffff; font-size: 1rem;\"><a href=\"https:\/\/thermogreen.com\/wp-content\/uploads\/2026\/02\/24.031_FDESA2_Panneau-isolant-500_Thermogreen-V3.1.pdf\">Thermogreen 500<\/a><\/span><\/p><\/div>\n\t\t\t\t<\/div>\n\t\t\t\t\t\t\t<div class=\"elementor-accordion-item\">\n\t\t\t\t\t<div id=\"elementor-tab-title-4817\" class=\"elementor-tab-title\" data-tab=\"7\" role=\"button\" aria-controls=\"elementor-tab-content-4817\" aria-expanded=\"false\">\n\t\t\t\t\t\t\t\t\t\t\t\t\t<span class=\"elementor-accordion-icon elementor-accordion-icon-left\" aria-hidden=\"true\">\n\t\t\t\t\t\t\t\t\t\t\t\t\t\t\t<span class=\"elementor-accordion-icon-closed\"><i class=\"fas fa-caret-square-down\"><\/i><\/span>\n\t\t\t\t\t\t\t\t<span class=\"elementor-accordion-icon-opened\"><i class=\"far fa-caret-square-up\"><\/i><\/span>\n\t\t\t\t\t\t\t\t\t\t\t\t\t\t<\/span>\n\t\t\t\t\t\t\t\t\t\t\t\t<a class=\"elementor-accordion-title\" tabindex=\"0\">ISO 14001<\/a>\n\t\t\t\t\t<\/div>\n\t\t\t\t\t<div id=\"elementor-tab-content-4817\" class=\"elementor-tab-content elementor-clearfix\" data-tab=\"7\" role=\"region\" aria-labelledby=\"elementor-tab-title-4817\"><p><a href=\"https:\/\/thermogreen.com\/wp-content\/uploads\/2024\/08\/14001-Thermogreen-FR.pdf\" target=\"_blank\" rel=\"noopener\">ISO 14001<\/a><\/p><\/div>\n\t\t\t\t<\/div>\n\t\t\t\t\t\t\t\t<\/div>\n\t\t\t\t\t\t<\/div>\n\t\t\t\t<\/div>\n\t\t\t\t\t<\/div>\n\t\t<\/div>\n\t\t\t\t\t<\/div>\n\t\t<\/section>\n\t\t\t\t<\/div>\n\t\t","protected":false},"excerpt":{"rendered":"<p>DOCUMENTATION Documents \u00e0 t\u00e9l\u00e9charger T\u00e9l\u00e9chargez ici toutes les informations utiles sur nos produits et applications. Fiches Techniques Thermogreen SL Thermogreen FV Thermogreen MC Thermogreen CR Thermogreen SATE Thermogreen 500 Thermobeton Thermogreen Dallage Fiche de S\u00e9curit\u00e9 Fiche de s\u00e9curit\u00e9 Thermogreen Documentation Commerciale Catalogue g\u00e9n\u00e9ral des produits Catalogue d&rsquo;applications Tarif Thermobeton D\u00e9claration des performances DOP TH 01008 [&hellip;]<\/p>\n","protected":false},"author":6,"featured_media":0,"parent":0,"menu_order":0,"comment_status":"closed","ping_status":"closed","template":"","meta":{"footnotes":""},"class_list":["post-2792","page","type-page","status-publish","hentry"],"yoast_head":"<!-- This site is optimized with the Yoast SEO plugin v27.2 - https:\/\/yoast.com\/product\/yoast-seo-wordpress\/ -->\n<title>Documentation - Thermogreen<\/title>\n<meta name=\"robots\" content=\"index, follow, max-snippet:-1, max-image-preview:large, max-video-preview:-1\" \/>\n<link rel=\"canonical\" href=\"https:\/\/thermogreen.com\/fr\/documentation\/\" \/>\n<meta property=\"og:locale\" content=\"fr_FR\" \/>\n<meta property=\"og:type\" content=\"article\" \/>\n<meta property=\"og:title\" content=\"Documentation - Thermogreen\" \/>\n<meta property=\"og:description\" content=\"DOCUMENTATION Documents \u00e0 t\u00e9l\u00e9charger T\u00e9l\u00e9chargez ici toutes les informations utiles sur nos produits et applications. Fiches Techniques Thermogreen SL Thermogreen FV Thermogreen MC Thermogreen CR Thermogreen SATE Thermogreen 500 Thermobeton Thermogreen Dallage Fiche de S\u00e9curit\u00e9 Fiche de s\u00e9curit\u00e9 Thermogreen Documentation Commerciale Catalogue g\u00e9n\u00e9ral des produits Catalogue d&rsquo;applications Tarif Thermobeton D\u00e9claration des performances DOP TH 01008 [&hellip;]\" \/>\n<meta property=\"og:url\" content=\"https:\/\/thermogreen.com\/fr\/documentation\/\" \/>\n<meta property=\"og:site_name\" content=\"Thermogreen\" \/>\n<meta property=\"article:modified_time\" content=\"2026-03-26T07:37:42+00:00\" \/>\n<meta name=\"twitter:card\" content=\"summary_large_image\" \/>\n<meta name=\"twitter:label1\" content=\"Dur\u00e9e de lecture estim\u00e9e\" \/>\n\t<meta name=\"twitter:data1\" content=\"1 minute\" \/>\n<script type=\"application\/ld+json\" class=\"yoast-schema-graph\">{\"@context\":\"https:\/\/schema.org\",\"@graph\":[{\"@type\":\"WebPage\",\"@id\":\"https:\/\/thermogreen.com\/fr\/documentation\/\",\"url\":\"https:\/\/thermogreen.com\/fr\/documentation\/\",\"name\":\"Documentation - Thermogreen\",\"isPartOf\":{\"@id\":\"https:\/\/thermogreen.com\/fr\/#website\"},\"datePublished\":\"2021-06-16T10:08:06+00:00\",\"dateModified\":\"2026-03-26T07:37:42+00:00\",\"breadcrumb\":{\"@id\":\"https:\/\/thermogreen.com\/fr\/documentation\/#breadcrumb\"},\"inLanguage\":\"fr-FR\",\"potentialAction\":[{\"@type\":\"ReadAction\",\"target\":[\"https:\/\/thermogreen.com\/fr\/documentation\/\"]}]},{\"@type\":\"BreadcrumbList\",\"@id\":\"https:\/\/thermogreen.com\/fr\/documentation\/#breadcrumb\",\"itemListElement\":[{\"@type\":\"ListItem\",\"position\":1,\"name\":\"Home\",\"item\":\"https:\/\/thermogreen.com\/fr\/\"},{\"@type\":\"ListItem\",\"position\":2,\"name\":\"Documentation\"}]},{\"@type\":\"WebSite\",\"@id\":\"https:\/\/thermogreen.com\/fr\/#website\",\"url\":\"https:\/\/thermogreen.com\/fr\/\",\"name\":\"Thermogreen\",\"description\":\"Soluciones para la eficiencia energ\u00e9tica\",\"publisher\":{\"@id\":\"https:\/\/thermogreen.com\/fr\/#organization\"},\"potentialAction\":[{\"@type\":\"SearchAction\",\"target\":{\"@type\":\"EntryPoint\",\"urlTemplate\":\"https:\/\/thermogreen.com\/fr\/?s={search_term_string}\"},\"query-input\":{\"@type\":\"PropertyValueSpecification\",\"valueRequired\":true,\"valueName\":\"search_term_string\"}}],\"inLanguage\":\"fr-FR\"},{\"@type\":\"Organization\",\"@id\":\"https:\/\/thermogreen.com\/fr\/#organization\",\"name\":\"THERMOGREEN\",\"url\":\"https:\/\/thermogreen.com\/fr\/\",\"logo\":{\"@type\":\"ImageObject\",\"inLanguage\":\"fr-FR\",\"@id\":\"https:\/\/thermogreen.com\/fr\/#\/schema\/logo\/image\/\",\"url\":\"https:\/\/thermogreen.com\/wp-content\/uploads\/2021\/02\/Icono-Web-Thermogreen.png\",\"contentUrl\":\"https:\/\/thermogreen.com\/wp-content\/uploads\/2021\/02\/Icono-Web-Thermogreen.png\",\"width\":512,\"height\":512,\"caption\":\"THERMOGREEN\"},\"image\":{\"@id\":\"https:\/\/thermogreen.com\/fr\/#\/schema\/logo\/image\/\"}}]}<\/script>\n<!-- \/ Yoast SEO plugin. -->","yoast_head_json":{"title":"Documentation - Thermogreen","robots":{"index":"index","follow":"follow","max-snippet":"max-snippet:-1","max-image-preview":"max-image-preview:large","max-video-preview":"max-video-preview:-1"},"canonical":"https:\/\/thermogreen.com\/fr\/documentation\/","og_locale":"fr_FR","og_type":"article","og_title":"Documentation - Thermogreen","og_description":"DOCUMENTATION Documents \u00e0 t\u00e9l\u00e9charger T\u00e9l\u00e9chargez ici toutes les informations utiles sur nos produits et applications. Fiches Techniques Thermogreen SL Thermogreen FV Thermogreen MC Thermogreen CR Thermogreen SATE Thermogreen 500 Thermobeton Thermogreen Dallage Fiche de S\u00e9curit\u00e9 Fiche de s\u00e9curit\u00e9 Thermogreen Documentation Commerciale Catalogue g\u00e9n\u00e9ral des produits Catalogue d&rsquo;applications Tarif Thermobeton D\u00e9claration des performances DOP TH 01008 [&hellip;]","og_url":"https:\/\/thermogreen.com\/fr\/documentation\/","og_site_name":"Thermogreen","article_modified_time":"2026-03-26T07:37:42+00:00","twitter_card":"summary_large_image","twitter_misc":{"Dur\u00e9e de lecture estim\u00e9e":"1 minute"},"schema":{"@context":"https:\/\/schema.org","@graph":[{"@type":"WebPage","@id":"https:\/\/thermogreen.com\/fr\/documentation\/","url":"https:\/\/thermogreen.com\/fr\/documentation\/","name":"Documentation - Thermogreen","isPartOf":{"@id":"https:\/\/thermogreen.com\/fr\/#website"},"datePublished":"2021-06-16T10:08:06+00:00","dateModified":"2026-03-26T07:37:42+00:00","breadcrumb":{"@id":"https:\/\/thermogreen.com\/fr\/documentation\/#breadcrumb"},"inLanguage":"fr-FR","potentialAction":[{"@type":"ReadAction","target":["https:\/\/thermogreen.com\/fr\/documentation\/"]}]},{"@type":"BreadcrumbList","@id":"https:\/\/thermogreen.com\/fr\/documentation\/#breadcrumb","itemListElement":[{"@type":"ListItem","position":1,"name":"Home","item":"https:\/\/thermogreen.com\/fr\/"},{"@type":"ListItem","position":2,"name":"Documentation"}]},{"@type":"WebSite","@id":"https:\/\/thermogreen.com\/fr\/#website","url":"https:\/\/thermogreen.com\/fr\/","name":"Thermogreen","description":"Soluciones para la eficiencia energ\u00e9tica","publisher":{"@id":"https:\/\/thermogreen.com\/fr\/#organization"},"potentialAction":[{"@type":"SearchAction","target":{"@type":"EntryPoint","urlTemplate":"https:\/\/thermogreen.com\/fr\/?s={search_term_string}"},"query-input":{"@type":"PropertyValueSpecification","valueRequired":true,"valueName":"search_term_string"}}],"inLanguage":"fr-FR"},{"@type":"Organization","@id":"https:\/\/thermogreen.com\/fr\/#organization","name":"THERMOGREEN","url":"https:\/\/thermogreen.com\/fr\/","logo":{"@type":"ImageObject","inLanguage":"fr-FR","@id":"https:\/\/thermogreen.com\/fr\/#\/schema\/logo\/image\/","url":"https:\/\/thermogreen.com\/wp-content\/uploads\/2021\/02\/Icono-Web-Thermogreen.png","contentUrl":"https:\/\/thermogreen.com\/wp-content\/uploads\/2021\/02\/Icono-Web-Thermogreen.png","width":512,"height":512,"caption":"THERMOGREEN"},"image":{"@id":"https:\/\/thermogreen.com\/fr\/#\/schema\/logo\/image\/"}}]}},"_links":{"self":[{"href":"https:\/\/thermogreen.com\/fr\/wp-json\/wp\/v2\/pages\/2792","targetHints":{"allow":["GET"]}}],"collection":[{"href":"https:\/\/thermogreen.com\/fr\/wp-json\/wp\/v2\/pages"}],"about":[{"href":"https:\/\/thermogreen.com\/fr\/wp-json\/wp\/v2\/types\/page"}],"author":[{"embeddable":true,"href":"https:\/\/thermogreen.com\/fr\/wp-json\/wp\/v2\/users\/6"}],"replies":[{"embeddable":true,"href":"https:\/\/thermogreen.com\/fr\/wp-json\/wp\/v2\/comments?post=2792"}],"version-history":[{"count":137,"href":"https:\/\/thermogreen.com\/fr\/wp-json\/wp\/v2\/pages\/2792\/revisions"}],"predecessor-version":[{"id":5890,"href":"https:\/\/thermogreen.com\/fr\/wp-json\/wp\/v2\/pages\/2792\/revisions\/5890"}],"wp:attachment":[{"href":"https:\/\/thermogreen.com\/fr\/wp-json\/wp\/v2\/media?parent=2792"}],"curies":[{"name":"wp","href":"https:\/\/api.w.org\/{rel}","templated":true}]}}