{"id":2724,"date":"2021-06-08T13:19:09","date_gmt":"2021-06-08T11:19:09","guid":{"rendered":"https:\/\/thermogreen.com\/nous-connaitre\/"},"modified":"2021-06-08T13:19:10","modified_gmt":"2021-06-08T11:19:10","slug":"nous-connaitre","status":"publish","type":"page","link":"https:\/\/thermogreen.com\/fr\/nous-connaitre\/","title":{"rendered":"NOUS CONNA\u00ceTRE"},"content":{"rendered":"\t\t<div data-elementor-type=\"wp-page\" data-elementor-id=\"2724\" class=\"elementor elementor-2724\" data-elementor-post-type=\"page\">\n\t\t\t\t\t\t<section class=\"elementor-section elementor-top-section elementor-element elementor-element-45deca5 elementor-section-height-min-height elementor-section-items-stretch elementor-hidden-tablet elementor-hidden-phone elementor-section-boxed elementor-section-height-default\" data-id=\"45deca5\" data-element_type=\"section\" data-e-type=\"section\" data-settings=\"{&quot;background_background&quot;:&quot;classic&quot;,&quot;shape_divider_bottom&quot;:&quot;mountains&quot;}\">\n\t\t\t\t\t<div class=\"elementor-shape elementor-shape-bottom\" aria-hidden=\"true\" data-negative=\"false\">\n\t\t\t<svg xmlns=\"http:\/\/www.w3.org\/2000\/svg\" viewBox=\"0 0 1000 100\" preserveAspectRatio=\"none\">\n\t<path class=\"elementor-shape-fill\" opacity=\"0.33\" d=\"M473,67.3c-203.9,88.3-263.1-34-320.3,0C66,119.1,0,59.7,0,59.7V0h1000v59.7 c0,0-62.1,26.1-94.9,29.3c-32.8,3.3-62.8-12.3-75.8-22.1C806,49.6,745.3,8.7,694.9,4.7S492.4,59,473,67.3z\"\/>\n\t<path class=\"elementor-shape-fill\" opacity=\"0.66\" d=\"M734,67.3c-45.5,0-77.2-23.2-129.1-39.1c-28.6-8.7-150.3-10.1-254,39.1 s-91.7-34.4-149.2,0C115.7,118.3,0,39.8,0,39.8V0h1000v36.5c0,0-28.2-18.5-92.1-18.5C810.2,18.1,775.7,67.3,734,67.3z\"\/>\n\t<path class=\"elementor-shape-fill\" d=\"M766.1,28.9c-200-57.5-266,65.5-395.1,19.5C242,1.8,242,5.4,184.8,20.6C128,35.8,132.3,44.9,89.9,52.5C28.6,63.7,0,0,0,0 h1000c0,0-9.9,40.9-83.6,48.1S829.6,47,766.1,28.9z\"\/>\n<\/svg>\t\t<\/div>\n\t\t\t\t\t<div class=\"elementor-container elementor-column-gap-default\">\n\t\t\t\t\t<div class=\"elementor-column elementor-col-50 elementor-top-column elementor-element elementor-element-509e59b1\" data-id=\"509e59b1\" data-element_type=\"column\" data-e-type=\"column\">\n\t\t\t<div class=\"elementor-widget-wrap elementor-element-populated\">\n\t\t\t\t\t\t<div class=\"elementor-element elementor-element-767bc4e6 elementor-widget elementor-widget-heading\" data-id=\"767bc4e6\" data-element_type=\"widget\" data-e-type=\"widget\" data-widget_type=\"heading.default\">\n\t\t\t\t<div class=\"elementor-widget-container\">\n\t\t\t\t\t<h3 class=\"elementor-heading-title elementor-size-default\">Notre famille<\/h3>\t\t\t\t<\/div>\n\t\t\t\t<\/div>\n\t\t\t\t<div class=\"elementor-element elementor-element-4785d04a elementor-widget elementor-widget-heading\" data-id=\"4785d04a\" data-element_type=\"widget\" data-e-type=\"widget\" data-widget_type=\"heading.default\">\n\t\t\t\t<div class=\"elementor-widget-container\">\n\t\t\t\t\t<h1 class=\"elementor-heading-title elementor-size-default\">Nous conna\u00eetre<\/h1>\t\t\t\t<\/div>\n\t\t\t\t<\/div>\n\t\t\t\t\t<\/div>\n\t\t<\/div>\n\t\t\t\t<div class=\"elementor-column elementor-col-50 elementor-top-column elementor-element elementor-element-29abf59c\" data-id=\"29abf59c\" data-element_type=\"column\" data-e-type=\"column\">\n\t\t\t<div class=\"elementor-widget-wrap elementor-element-populated\">\n\t\t\t\t\t\t<div class=\"elementor-element elementor-element-6d395f87 elementor-widget elementor-widget-text-editor\" data-id=\"6d395f87\" data-element_type=\"widget\" data-e-type=\"widget\" data-widget_type=\"text-editor.default\">\n\t\t\t\t<div class=\"elementor-widget-container\">\n\t\t\t\t\t\t\t\t\t<p>Thermogreen a \u00e9t\u00e9 cr\u00e9\u00e9e gr\u00e2ce \u00e0 une association d\u2019entrepreneurs, ayant une longue exp\u00e9rience internationale reconnue dans le domaine de l\u2019isolation.<\/p>\n\t\t\t\t\t\t\t\t<\/div>\n\t\t\t\t<\/div>\n\t\t\t\t\t<\/div>\n\t\t<\/div>\n\t\t\t\t\t<\/div>\n\t\t<\/section>\n\t\t\t\t<section class=\"elementor-section elementor-top-section elementor-element elementor-element-83a904b elementor-section-height-min-height elementor-section-items-stretch elementor-hidden-desktop elementor-section-boxed elementor-section-height-default\" data-id=\"83a904b\" data-element_type=\"section\" data-e-type=\"section\" data-settings=\"{&quot;background_background&quot;:&quot;classic&quot;,&quot;shape_divider_bottom&quot;:&quot;mountains&quot;}\">\n\t\t\t\t\t<div class=\"elementor-shape elementor-shape-bottom\" aria-hidden=\"true\" data-negative=\"false\">\n\t\t\t<svg xmlns=\"http:\/\/www.w3.org\/2000\/svg\" viewBox=\"0 0 1000 100\" preserveAspectRatio=\"none\">\n\t<path class=\"elementor-shape-fill\" opacity=\"0.33\" d=\"M473,67.3c-203.9,88.3-263.1-34-320.3,0C66,119.1,0,59.7,0,59.7V0h1000v59.7 c0,0-62.1,26.1-94.9,29.3c-32.8,3.3-62.8-12.3-75.8-22.1C806,49.6,745.3,8.7,694.9,4.7S492.4,59,473,67.3z\"\/>\n\t<path class=\"elementor-shape-fill\" opacity=\"0.66\" d=\"M734,67.3c-45.5,0-77.2-23.2-129.1-39.1c-28.6-8.7-150.3-10.1-254,39.1 s-91.7-34.4-149.2,0C115.7,118.3,0,39.8,0,39.8V0h1000v36.5c0,0-28.2-18.5-92.1-18.5C810.2,18.1,775.7,67.3,734,67.3z\"\/>\n\t<path class=\"elementor-shape-fill\" d=\"M766.1,28.9c-200-57.5-266,65.5-395.1,19.5C242,1.8,242,5.4,184.8,20.6C128,35.8,132.3,44.9,89.9,52.5C28.6,63.7,0,0,0,0 h1000c0,0-9.9,40.9-83.6,48.1S829.6,47,766.1,28.9z\"\/>\n<\/svg>\t\t<\/div>\n\t\t\t\t\t<div class=\"elementor-container elementor-column-gap-default\">\n\t\t\t\t\t<div class=\"elementor-column elementor-col-100 elementor-top-column elementor-element elementor-element-9f5293a\" data-id=\"9f5293a\" data-element_type=\"column\" data-e-type=\"column\">\n\t\t\t<div class=\"elementor-widget-wrap elementor-element-populated\">\n\t\t\t\t\t\t<div class=\"elementor-element elementor-element-950aeb1 elementor-widget elementor-widget-heading\" data-id=\"950aeb1\" data-element_type=\"widget\" data-e-type=\"widget\" data-widget_type=\"heading.default\">\n\t\t\t\t<div class=\"elementor-widget-container\">\n\t\t\t\t\t<h3 class=\"elementor-heading-title elementor-size-default\">Notre famille<\/h3>\t\t\t\t<\/div>\n\t\t\t\t<\/div>\n\t\t\t\t<div class=\"elementor-element elementor-element-9f5f132 elementor-widget elementor-widget-heading\" data-id=\"9f5f132\" data-element_type=\"widget\" data-e-type=\"widget\" data-widget_type=\"heading.default\">\n\t\t\t\t<div class=\"elementor-widget-container\">\n\t\t\t\t\t<h1 class=\"elementor-heading-title elementor-size-default\">Nous conna\u00eetre<\/h1>\t\t\t\t<\/div>\n\t\t\t\t<\/div>\n\t\t\t\t\t<\/div>\n\t\t<\/div>\n\t\t\t\t\t<\/div>\n\t\t<\/section>\n\t\t\t\t<section class=\"elementor-section elementor-top-section elementor-element elementor-element-a801916 elementor-section-boxed elementor-section-height-default elementor-section-height-default\" data-id=\"a801916\" data-element_type=\"section\" data-e-type=\"section\">\n\t\t\t\t\t\t<div class=\"elementor-container elementor-column-gap-default\">\n\t\t\t\t\t<div class=\"elementor-column elementor-col-100 elementor-top-column elementor-element elementor-element-31372f5f\" data-id=\"31372f5f\" data-element_type=\"column\" data-e-type=\"column\">\n\t\t\t<div class=\"elementor-widget-wrap elementor-element-populated\">\n\t\t\t\t\t\t<section class=\"elementor-section elementor-inner-section elementor-element elementor-element-5e29c1d6 elementor-section-boxed elementor-section-height-default elementor-section-height-default\" data-id=\"5e29c1d6\" data-element_type=\"section\" data-e-type=\"section\">\n\t\t\t\t\t\t<div class=\"elementor-container elementor-column-gap-default\">\n\t\t\t\t\t<div class=\"elementor-column elementor-col-100 elementor-inner-column elementor-element elementor-element-63bd17d0\" data-id=\"63bd17d0\" data-element_type=\"column\" data-e-type=\"column\">\n\t\t\t<div class=\"elementor-widget-wrap elementor-element-populated\">\n\t\t\t\t\t\t<div class=\"elementor-element elementor-element-87eec86 elementor-widget elementor-widget-heading\" data-id=\"87eec86\" data-element_type=\"widget\" data-e-type=\"widget\" data-widget_type=\"heading.default\">\n\t\t\t\t<div class=\"elementor-widget-container\">\n\t\t\t\t\t<h2 class=\"elementor-heading-title elementor-size-default\">NOS VALEURS <\/h2>\t\t\t\t<\/div>\n\t\t\t\t<\/div>\n\t\t\t\t<div class=\"elementor-element elementor-element-3d78f84c elementor-widget-divider--view-line elementor-widget elementor-widget-divider\" data-id=\"3d78f84c\" data-element_type=\"widget\" data-e-type=\"widget\" data-widget_type=\"divider.default\">\n\t\t\t\t<div class=\"elementor-widget-container\">\n\t\t\t\t\t\t\t<div class=\"elementor-divider\">\n\t\t\t<span class=\"elementor-divider-separator\">\n\t\t\t\t\t\t<\/span>\n\t\t<\/div>\n\t\t\t\t\t\t<\/div>\n\t\t\t\t<\/div>\n\t\t\t\t\t<\/div>\n\t\t<\/div>\n\t\t\t\t\t<\/div>\n\t\t<\/section>\n\t\t\t\t<section class=\"elementor-section elementor-inner-section elementor-element elementor-element-6a72d31f elementor-reverse-tablet elementor-reverse-mobile elementor-section-boxed elementor-section-height-default elementor-section-height-default\" data-id=\"6a72d31f\" data-element_type=\"section\" data-e-type=\"section\">\n\t\t\t\t\t\t<div class=\"elementor-container elementor-column-gap-default\">\n\t\t\t\t\t<div class=\"elementor-column elementor-col-50 elementor-inner-column elementor-element elementor-element-16eddf4b\" data-id=\"16eddf4b\" data-element_type=\"column\" data-e-type=\"column\">\n\t\t\t<div class=\"elementor-widget-wrap elementor-element-populated\">\n\t\t\t\t\t\t<div class=\"elementor-element elementor-element-53a8a76 elementor-widget elementor-widget-image\" data-id=\"53a8a76\" data-element_type=\"widget\" data-e-type=\"widget\" data-widget_type=\"image.default\">\n\t\t\t\t<div class=\"elementor-widget-container\">\n\t\t\t\t\t\t\t\t\t\t\t\t\t\t\t<img fetchpriority=\"high\" decoding=\"async\" width=\"800\" height=\"534\" src=\"https:\/\/thermogreen.com\/wp-content\/uploads\/2021\/02\/plant-tree-and-innovation-of-save-world-1024x683.jpg\" class=\"attachment-large size-large wp-image-682\" alt=\"\" srcset=\"https:\/\/thermogreen.com\/wp-content\/uploads\/2021\/02\/plant-tree-and-innovation-of-save-world-1024x683.jpg 1024w, https:\/\/thermogreen.com\/wp-content\/uploads\/2021\/02\/plant-tree-and-innovation-of-save-world-300x200.jpg 300w, https:\/\/thermogreen.com\/wp-content\/uploads\/2021\/02\/plant-tree-and-innovation-of-save-world-768x512.jpg 768w, https:\/\/thermogreen.com\/wp-content\/uploads\/2021\/02\/plant-tree-and-innovation-of-save-world-1536x1024.jpg 1536w, https:\/\/thermogreen.com\/wp-content\/uploads\/2021\/02\/plant-tree-and-innovation-of-save-world-2048x1365.jpg 2048w\" sizes=\"(max-width: 800px) 100vw, 800px\" \/>\t\t\t\t\t\t\t\t\t\t\t\t\t\t\t<\/div>\n\t\t\t\t<\/div>\n\t\t\t\t\t<\/div>\n\t\t<\/div>\n\t\t\t\t<div class=\"elementor-column elementor-col-50 elementor-inner-column elementor-element elementor-element-770b473f\" data-id=\"770b473f\" data-element_type=\"column\" data-e-type=\"column\">\n\t\t\t<div class=\"elementor-widget-wrap elementor-element-populated\">\n\t\t\t\t\t\t<div class=\"elementor-element elementor-element-26344244 animated-slow elementor-widget elementor-widget-heading\" data-id=\"26344244\" data-element_type=\"widget\" data-e-type=\"widget\" data-settings=\"{&quot;_animation&quot;:&quot;none&quot;}\" data-widget_type=\"heading.default\">\n\t\t\t\t<div class=\"elementor-widget-container\">\n\t\t\t\t\t<h3 class=\"elementor-heading-title elementor-size-default\">D\u00e9veloppement durable<\/h3>\t\t\t\t<\/div>\n\t\t\t\t<\/div>\n\t\t\t\t<div class=\"elementor-element elementor-element-5ebb0d8 elementor-widget elementor-widget-text-editor\" data-id=\"5ebb0d8\" data-element_type=\"widget\" data-e-type=\"widget\" data-widget_type=\"text-editor.default\">\n\t\t\t\t<div class=\"elementor-widget-container\">\n\t\t\t\t\t\t\t\t\t<p>Thermogreen s\u2019engage \u00e0 prot\u00e9ger l&rsquo;environnement et \u00e0 le pr\u00e9server de la pollution pendant tout son processus de production. Notre activit\u00e9 est bas\u00e9e sur un mod\u00e8le d&rsquo;\u00e9conomie circulaire, favorisant l&rsquo;utilisation des mat\u00e9riaux recycl\u00e9s, la gestion et la r\u00e9duction des d\u00e9chets g\u00e9n\u00e9r\u00e9s.<\/p>\n<p>En plus, les produits Thermogreen contribuent \u00e0 r\u00e9duire la demande \u00e9nerg\u00e9tique des b\u00e2timents, r\u00e9duisant les \u00e9missions de polluants atmosph\u00e9riques.<\/p>\n\t\t\t\t\t\t\t\t<\/div>\n\t\t\t\t<\/div>\n\t\t\t\t<div class=\"elementor-element elementor-element-1cbb03f0 elementor-widget elementor-widget-spacer\" data-id=\"1cbb03f0\" data-element_type=\"widget\" data-e-type=\"widget\" data-widget_type=\"spacer.default\">\n\t\t\t\t<div class=\"elementor-widget-container\">\n\t\t\t\t\t\t\t<div class=\"elementor-spacer\">\n\t\t\t<div class=\"elementor-spacer-inner\"><\/div>\n\t\t<\/div>\n\t\t\t\t\t\t<\/div>\n\t\t\t\t<\/div>\n\t\t\t\t<div class=\"elementor-element elementor-element-215776a elementor-widget elementor-widget-heading\" data-id=\"215776a\" data-element_type=\"widget\" data-e-type=\"widget\" data-widget_type=\"heading.default\">\n\t\t\t\t<div class=\"elementor-widget-container\">\n\t\t\t\t\t<h3 class=\"elementor-heading-title elementor-size-default\">Professionnalisme<\/h3>\t\t\t\t<\/div>\n\t\t\t\t<\/div>\n\t\t\t\t<div class=\"elementor-element elementor-element-7173b8da elementor-widget elementor-widget-text-editor\" data-id=\"7173b8da\" data-element_type=\"widget\" data-e-type=\"widget\" data-widget_type=\"text-editor.default\">\n\t\t\t\t<div class=\"elementor-widget-container\">\n\t\t\t\t\t\t\t\t\t<p>Thermogreen s\u2019engage \u00e0 vous assurer un service client et un suivi commercial, logistique et technique, du premier contact jusqu\u2019au service apr\u00e8s-vente.<\/p>\n\t\t\t\t\t\t\t\t<\/div>\n\t\t\t\t<\/div>\n\t\t\t\t<div class=\"elementor-element elementor-element-3c7ed7b2 elementor-widget elementor-widget-spacer\" data-id=\"3c7ed7b2\" data-element_type=\"widget\" data-e-type=\"widget\" data-widget_type=\"spacer.default\">\n\t\t\t\t<div class=\"elementor-widget-container\">\n\t\t\t\t\t\t\t<div class=\"elementor-spacer\">\n\t\t\t<div class=\"elementor-spacer-inner\"><\/div>\n\t\t<\/div>\n\t\t\t\t\t\t<\/div>\n\t\t\t\t<\/div>\n\t\t\t\t<div class=\"elementor-element elementor-element-5d13ab06 elementor-widget elementor-widget-heading\" data-id=\"5d13ab06\" data-element_type=\"widget\" data-e-type=\"widget\" data-widget_type=\"heading.default\">\n\t\t\t\t<div class=\"elementor-widget-container\">\n\t\t\t\t\t<h3 class=\"elementor-heading-title elementor-size-default\">Engagement humain<\/h3>\t\t\t\t<\/div>\n\t\t\t\t<\/div>\n\t\t\t\t<div class=\"elementor-element elementor-element-729105a9 elementor-widget elementor-widget-text-editor\" data-id=\"729105a9\" data-element_type=\"widget\" data-e-type=\"widget\" data-widget_type=\"text-editor.default\">\n\t\t\t\t<div class=\"elementor-widget-container\">\n\t\t\t\t\t\t\t\t\t<p>La performance de Thermogreen \u00e9mane de chaque personne qui la compose. Par cons\u00e9quent, l&rsquo;un de nos principaux engagements est de promouvoir le d\u00e9veloppement individuel et professionnel de nos collaborateurs, en leurs garantissant un environnement de travail s\u00fbr, chaleureux et \u00e9galitaire, dans lequel chaque personne compte.<\/p>\n\t\t\t\t\t\t\t\t<\/div>\n\t\t\t\t<\/div>\n\t\t\t\t<div class=\"elementor-element elementor-element-0f44bf0 elementor-widget elementor-widget-spacer\" data-id=\"0f44bf0\" data-element_type=\"widget\" data-e-type=\"widget\" data-widget_type=\"spacer.default\">\n\t\t\t\t<div class=\"elementor-widget-container\">\n\t\t\t\t\t\t\t<div class=\"elementor-spacer\">\n\t\t\t<div class=\"elementor-spacer-inner\"><\/div>\n\t\t<\/div>\n\t\t\t\t\t\t<\/div>\n\t\t\t\t<\/div>\n\t\t\t\t<div class=\"elementor-element elementor-element-3982297 elementor-widget elementor-widget-heading\" data-id=\"3982297\" data-element_type=\"widget\" data-e-type=\"widget\" data-widget_type=\"heading.default\">\n\t\t\t\t<div class=\"elementor-widget-container\">\n\t\t\t\t\t<h3 class=\"elementor-heading-title elementor-size-default\">Innovation<\/h3>\t\t\t\t<\/div>\n\t\t\t\t<\/div>\n\t\t\t\t<div class=\"elementor-element elementor-element-21cb317 elementor-widget elementor-widget-text-editor\" data-id=\"21cb317\" data-element_type=\"widget\" data-e-type=\"widget\" data-widget_type=\"text-editor.default\">\n\t\t\t\t<div class=\"elementor-widget-container\">\n\t\t\t\t\t\t\t\t\t<p>Thermogreen s\u2019engage dans la recherche et le d\u00e9veloppement afin de r\u00e9pondre aux demandes du march\u00e9 et d&rsquo;optimiser les processus et les installations de production.<\/p>\n\t\t\t\t\t\t\t\t<\/div>\n\t\t\t\t<\/div>\n\t\t\t\t\t<\/div>\n\t\t<\/div>\n\t\t\t\t\t<\/div>\n\t\t<\/section>\n\t\t\t\t\t<\/div>\n\t\t<\/div>\n\t\t\t\t\t<\/div>\n\t\t<\/section>\n\t\t\t\t<\/div>\n\t\t","protected":false},"excerpt":{"rendered":"<p>Notre famille Nous conna\u00eetre Thermogreen a \u00e9t\u00e9 cr\u00e9\u00e9e gr\u00e2ce \u00e0 une association d\u2019entrepreneurs, ayant une longue exp\u00e9rience internationale reconnue dans le domaine de l\u2019isolation. Notre famille Nous conna\u00eetre NOS VALEURS D\u00e9veloppement durable Thermogreen s\u2019engage \u00e0 prot\u00e9ger l&rsquo;environnement et \u00e0 le pr\u00e9server de la pollution pendant tout son processus de production. Notre activit\u00e9 est bas\u00e9e sur [&hellip;]<\/p>\n","protected":false},"author":6,"featured_media":0,"parent":0,"menu_order":0,"comment_status":"closed","ping_status":"closed","template":"elementor_header_footer","meta":{"footnotes":""},"class_list":["post-2724","page","type-page","status-publish","hentry"],"yoast_head":"<!-- This site is optimized with the Yoast SEO plugin v27.2 - https:\/\/yoast.com\/product\/yoast-seo-wordpress\/ -->\n<title>NOUS CONNA\u00ceTRE - Thermogreen<\/title>\n<meta name=\"robots\" content=\"noindex, follow\" \/>\n<meta property=\"og:locale\" content=\"fr_FR\" \/>\n<meta property=\"og:type\" content=\"article\" \/>\n<meta property=\"og:title\" content=\"NOUS CONNA\u00ceTRE - Thermogreen\" \/>\n<meta property=\"og:description\" content=\"Notre famille Nous conna\u00eetre Thermogreen a \u00e9t\u00e9 cr\u00e9\u00e9e gr\u00e2ce \u00e0 une association d\u2019entrepreneurs, ayant une longue exp\u00e9rience internationale reconnue dans le domaine de l\u2019isolation. Notre famille Nous conna\u00eetre NOS VALEURS D\u00e9veloppement durable Thermogreen s\u2019engage \u00e0 prot\u00e9ger l&rsquo;environnement et \u00e0 le pr\u00e9server de la pollution pendant tout son processus de production. Notre activit\u00e9 est bas\u00e9e sur [&hellip;]\" \/>\n<meta property=\"og:url\" content=\"https:\/\/thermogreen.com\/fr\/nous-connaitre\/\" \/>\n<meta property=\"og:site_name\" content=\"Thermogreen\" \/>\n<meta property=\"article:modified_time\" content=\"2021-06-08T11:19:10+00:00\" \/>\n<meta property=\"og:image\" content=\"https:\/\/thermogreen.com\/wp-content\/uploads\/2021\/02\/plant-tree-and-innovation-of-save-world-1024x683.jpg\" \/>\n<meta name=\"twitter:card\" content=\"summary_large_image\" \/>\n<meta name=\"twitter:label1\" content=\"Dur\u00e9e de lecture estim\u00e9e\" \/>\n\t<meta name=\"twitter:data1\" content=\"1 minute\" \/>\n<script type=\"application\/ld+json\" class=\"yoast-schema-graph\">{\"@context\":\"https:\/\/schema.org\",\"@graph\":[{\"@type\":\"WebPage\",\"@id\":\"https:\/\/thermogreen.com\/fr\/nous-connaitre\/\",\"url\":\"https:\/\/thermogreen.com\/fr\/nous-connaitre\/\",\"name\":\"NOUS CONNA\u00ceTRE - Thermogreen\",\"isPartOf\":{\"@id\":\"https:\/\/thermogreen.com\/fr\/#website\"},\"primaryImageOfPage\":{\"@id\":\"https:\/\/thermogreen.com\/fr\/nous-connaitre\/#primaryimage\"},\"image\":{\"@id\":\"https:\/\/thermogreen.com\/fr\/nous-connaitre\/#primaryimage\"},\"thumbnailUrl\":\"https:\/\/thermogreen.com\/wp-content\/uploads\/2021\/02\/plant-tree-and-innovation-of-save-world-1024x683.jpg\",\"datePublished\":\"2021-06-08T11:19:09+00:00\",\"dateModified\":\"2021-06-08T11:19:10+00:00\",\"breadcrumb\":{\"@id\":\"https:\/\/thermogreen.com\/fr\/nous-connaitre\/#breadcrumb\"},\"inLanguage\":\"fr-FR\",\"potentialAction\":[{\"@type\":\"ReadAction\",\"target\":[\"https:\/\/thermogreen.com\/fr\/nous-connaitre\/\"]}]},{\"@type\":\"ImageObject\",\"inLanguage\":\"fr-FR\",\"@id\":\"https:\/\/thermogreen.com\/fr\/nous-connaitre\/#primaryimage\",\"url\":\"https:\/\/thermogreen.com\/wp-content\/uploads\/2021\/02\/plant-tree-and-innovation-of-save-world-1024x683.jpg\",\"contentUrl\":\"https:\/\/thermogreen.com\/wp-content\/uploads\/2021\/02\/plant-tree-and-innovation-of-save-world-1024x683.jpg\"},{\"@type\":\"BreadcrumbList\",\"@id\":\"https:\/\/thermogreen.com\/fr\/nous-connaitre\/#breadcrumb\",\"itemListElement\":[{\"@type\":\"ListItem\",\"position\":1,\"name\":\"Home\",\"item\":\"https:\/\/thermogreen.com\/fr\/\"},{\"@type\":\"ListItem\",\"position\":2,\"name\":\"NOUS CONNA\u00ceTRE\"}]},{\"@type\":\"WebSite\",\"@id\":\"https:\/\/thermogreen.com\/fr\/#website\",\"url\":\"https:\/\/thermogreen.com\/fr\/\",\"name\":\"Thermogreen\",\"description\":\"Soluciones para la eficiencia energ\u00e9tica\",\"publisher\":{\"@id\":\"https:\/\/thermogreen.com\/fr\/#organization\"},\"potentialAction\":[{\"@type\":\"SearchAction\",\"target\":{\"@type\":\"EntryPoint\",\"urlTemplate\":\"https:\/\/thermogreen.com\/fr\/?s={search_term_string}\"},\"query-input\":{\"@type\":\"PropertyValueSpecification\",\"valueRequired\":true,\"valueName\":\"search_term_string\"}}],\"inLanguage\":\"fr-FR\"},{\"@type\":\"Organization\",\"@id\":\"https:\/\/thermogreen.com\/fr\/#organization\",\"name\":\"THERMOGREEN\",\"url\":\"https:\/\/thermogreen.com\/fr\/\",\"logo\":{\"@type\":\"ImageObject\",\"inLanguage\":\"fr-FR\",\"@id\":\"https:\/\/thermogreen.com\/fr\/#\/schema\/logo\/image\/\",\"url\":\"https:\/\/thermogreen.com\/wp-content\/uploads\/2021\/02\/Icono-Web-Thermogreen.png\",\"contentUrl\":\"https:\/\/thermogreen.com\/wp-content\/uploads\/2021\/02\/Icono-Web-Thermogreen.png\",\"width\":512,\"height\":512,\"caption\":\"THERMOGREEN\"},\"image\":{\"@id\":\"https:\/\/thermogreen.com\/fr\/#\/schema\/logo\/image\/\"}}]}<\/script>\n<!-- \/ Yoast SEO plugin. -->","yoast_head_json":{"title":"NOUS CONNA\u00ceTRE - Thermogreen","robots":{"index":"noindex","follow":"follow"},"og_locale":"fr_FR","og_type":"article","og_title":"NOUS CONNA\u00ceTRE - Thermogreen","og_description":"Notre famille Nous conna\u00eetre Thermogreen a \u00e9t\u00e9 cr\u00e9\u00e9e gr\u00e2ce \u00e0 une association d\u2019entrepreneurs, ayant une longue exp\u00e9rience internationale reconnue dans le domaine de l\u2019isolation. Notre famille Nous conna\u00eetre NOS VALEURS D\u00e9veloppement durable Thermogreen s\u2019engage \u00e0 prot\u00e9ger l&rsquo;environnement et \u00e0 le pr\u00e9server de la pollution pendant tout son processus de production. Notre activit\u00e9 est bas\u00e9e sur [&hellip;]","og_url":"https:\/\/thermogreen.com\/fr\/nous-connaitre\/","og_site_name":"Thermogreen","article_modified_time":"2021-06-08T11:19:10+00:00","og_image":[{"url":"https:\/\/thermogreen.com\/wp-content\/uploads\/2021\/02\/plant-tree-and-innovation-of-save-world-1024x683.jpg","type":"","width":"","height":""}],"twitter_card":"summary_large_image","twitter_misc":{"Dur\u00e9e de lecture estim\u00e9e":"1 minute"},"schema":{"@context":"https:\/\/schema.org","@graph":[{"@type":"WebPage","@id":"https:\/\/thermogreen.com\/fr\/nous-connaitre\/","url":"https:\/\/thermogreen.com\/fr\/nous-connaitre\/","name":"NOUS CONNA\u00ceTRE - Thermogreen","isPartOf":{"@id":"https:\/\/thermogreen.com\/fr\/#website"},"primaryImageOfPage":{"@id":"https:\/\/thermogreen.com\/fr\/nous-connaitre\/#primaryimage"},"image":{"@id":"https:\/\/thermogreen.com\/fr\/nous-connaitre\/#primaryimage"},"thumbnailUrl":"https:\/\/thermogreen.com\/wp-content\/uploads\/2021\/02\/plant-tree-and-innovation-of-save-world-1024x683.jpg","datePublished":"2021-06-08T11:19:09+00:00","dateModified":"2021-06-08T11:19:10+00:00","breadcrumb":{"@id":"https:\/\/thermogreen.com\/fr\/nous-connaitre\/#breadcrumb"},"inLanguage":"fr-FR","potentialAction":[{"@type":"ReadAction","target":["https:\/\/thermogreen.com\/fr\/nous-connaitre\/"]}]},{"@type":"ImageObject","inLanguage":"fr-FR","@id":"https:\/\/thermogreen.com\/fr\/nous-connaitre\/#primaryimage","url":"https:\/\/thermogreen.com\/wp-content\/uploads\/2021\/02\/plant-tree-and-innovation-of-save-world-1024x683.jpg","contentUrl":"https:\/\/thermogreen.com\/wp-content\/uploads\/2021\/02\/plant-tree-and-innovation-of-save-world-1024x683.jpg"},{"@type":"BreadcrumbList","@id":"https:\/\/thermogreen.com\/fr\/nous-connaitre\/#breadcrumb","itemListElement":[{"@type":"ListItem","position":1,"name":"Home","item":"https:\/\/thermogreen.com\/fr\/"},{"@type":"ListItem","position":2,"name":"NOUS CONNA\u00ceTRE"}]},{"@type":"WebSite","@id":"https:\/\/thermogreen.com\/fr\/#website","url":"https:\/\/thermogreen.com\/fr\/","name":"Thermogreen","description":"Soluciones para la eficiencia energ\u00e9tica","publisher":{"@id":"https:\/\/thermogreen.com\/fr\/#organization"},"potentialAction":[{"@type":"SearchAction","target":{"@type":"EntryPoint","urlTemplate":"https:\/\/thermogreen.com\/fr\/?s={search_term_string}"},"query-input":{"@type":"PropertyValueSpecification","valueRequired":true,"valueName":"search_term_string"}}],"inLanguage":"fr-FR"},{"@type":"Organization","@id":"https:\/\/thermogreen.com\/fr\/#organization","name":"THERMOGREEN","url":"https:\/\/thermogreen.com\/fr\/","logo":{"@type":"ImageObject","inLanguage":"fr-FR","@id":"https:\/\/thermogreen.com\/fr\/#\/schema\/logo\/image\/","url":"https:\/\/thermogreen.com\/wp-content\/uploads\/2021\/02\/Icono-Web-Thermogreen.png","contentUrl":"https:\/\/thermogreen.com\/wp-content\/uploads\/2021\/02\/Icono-Web-Thermogreen.png","width":512,"height":512,"caption":"THERMOGREEN"},"image":{"@id":"https:\/\/thermogreen.com\/fr\/#\/schema\/logo\/image\/"}}]}},"_links":{"self":[{"href":"https:\/\/thermogreen.com\/fr\/wp-json\/wp\/v2\/pages\/2724","targetHints":{"allow":["GET"]}}],"collection":[{"href":"https:\/\/thermogreen.com\/fr\/wp-json\/wp\/v2\/pages"}],"about":[{"href":"https:\/\/thermogreen.com\/fr\/wp-json\/wp\/v2\/types\/page"}],"author":[{"embeddable":true,"href":"https:\/\/thermogreen.com\/fr\/wp-json\/wp\/v2\/users\/6"}],"replies":[{"embeddable":true,"href":"https:\/\/thermogreen.com\/fr\/wp-json\/wp\/v2\/comments?post=2724"}],"version-history":[{"count":1,"href":"https:\/\/thermogreen.com\/fr\/wp-json\/wp\/v2\/pages\/2724\/revisions"}],"predecessor-version":[{"id":2725,"href":"https:\/\/thermogreen.com\/fr\/wp-json\/wp\/v2\/pages\/2724\/revisions\/2725"}],"wp:attachment":[{"href":"https:\/\/thermogreen.com\/fr\/wp-json\/wp\/v2\/media?parent=2724"}],"curies":[{"name":"wp","href":"https:\/\/api.w.org\/{rel}","templated":true}]}}